{"id":2,"date":"2020-10-26T18:43:17","date_gmt":"2020-10-26T18:43:17","guid":{"rendered":"http:\/\/prodsolvkh.cluster027.hosting.ovh.net\/dm\/?page_id=2"},"modified":"2021-03-16T15:57:13","modified_gmt":"2021-03-16T15:57:13","slug":"sample-page","status":"publish","type":"page","link":"https:\/\/dariuszmrozektlumiki.pl\/","title":{"rendered":"Naprawa i wymiana uk\u0142ad\u00f3w wydechowych"},"content":{"rendered":"\n<div class=\"wp-block-columns has-2-columns is-layout-flex wp-container-core-columns-layout-1 wp-block-columns-is-layout-flex\">\n<div class=\"wp-block-column is-layout-flow wp-block-column-is-layout-flow\">\n<ul><li>Monta\u017c, wymiana i naprawa t\u0142umik\u00f3w<\/li><li>Wymiana kolektor\u00f3w<\/li><li>Wymiana&nbsp;z\u0142\u0105czy elastycznych&nbsp;uk\u0142ad\u00f3w wydechowych<\/li><li>Wymiana strumiennic uk\u0142ad\u00f3w wydechowych<\/li><li>Wymina, naprawa i regeneracja katalizator\u00f3w<\/li><li>Wymiana filtr\u00f3w DPF<\/li><\/ul>\n<\/div>\n\n\n\n<div class=\"wp-block-column is-layout-flow wp-block-column-is-layout-flow\">\n<figure class=\"wp-block-image\"><img loading=\"lazy\" decoding=\"async\" width=\"373\" height=\"232\" src=\"https:\/\/prodsolvkh.cluster027.hosting.ovh.net\/dm\/wp-content\/uploads\/2020\/10\/car-muffler-1.png\" alt=\"\" class=\"wp-image-53\" srcset=\"https:\/\/dariuszmrozektlumiki.pl\/wp-content\/uploads\/2020\/10\/car-muffler-1.png 373w, https:\/\/dariuszmrozektlumiki.pl\/wp-content\/uploads\/2020\/10\/car-muffler-1-300x187.png 300w\" sizes=\"(max-width: 373px) 100vw, 373px\" \/><\/figure>\n<\/div>\n<\/div>\n\n\n\n<div class=\"wp-block-columns has-2-columns is-layout-flex wp-container-core-columns-layout-2 wp-block-columns-is-layout-flex\">\n<div class=\"wp-block-column is-layout-flow wp-block-column-is-layout-flow\">\n<h2 class=\"wp-block-heading\">ZABRZE<\/h2>\n\n\n\n<p>tel. <a href=\"tel:+48501486068\">501 486 068<\/a><br><a href=\"https:\/\/goo.gl\/maps\/z6M6VttMbn5vYNTj9\" target=\"_blank\">Stanis\u0142awa Webera 4, 41-800 Zabrze<\/a><\/p>\n\n<iframe loading=\"lazy\" src=\"https:\/\/www.google.com\/maps\/embed?pb=!1m18!1m12!1m3!1d2548.6106232842426!2d18.758601715725863!3d50.299195879454736!2m3!1f0!2f0!3f0!3m2!1i1024!2i768!4f13.1!3m3!1m2!1s0x4711323d27e91f35%3A0xe830fd96ab8d63ab!2sStanis%C5%82awa%20Webera%204%2C%2041-800%20Zabrze!5e0!3m2!1sen!2spl!4v1604186045558!5m2!1sen!2spl\" style=\"border:0;\" allowfullscreen=\"\" aria-hidden=\"false\" tabindex=\"0\" width=\"600\" height=\"450\" frameborder=\"0\"><\/iframe>\n<\/div>\n\n\n\n<div class=\"wp-block-column is-layout-flow wp-block-column-is-layout-flow\">\n<h2 class=\"wp-block-heading\">GLIWICE<\/h2>\n\n\n\n<p>tel. <a href=\"tel:+48501486068\">501 486 068<\/a><br><a href=\"https:\/\/goo.gl\/maps\/Jds3LTUqyCBcWWKN9\" target=\"_blank\">\u015alusarska 4, 44-100 Gliwice<\/a><\/p>\n\n<iframe loading=\"lazy\" src=\"https:\/\/www.google.com\/maps\/embed?pb=!1m18!1m12!1m3!1d2548.160603756166!2d18.66664235089075!3d50.30759487935503!2m3!1f0!2f0!3f0!3m2!1i1024!2i768!4f13.1!3m3!1m2!1s0x471130453a772c07%3A0xe6232e87de4de7d6!2s%C5%9Alusarska%204%2C%2044-100%20Gliwice!5e0!3m2!1sen!2spl!4v1604262544934!5m2!1sen!2spl\" style=\"border:0;\" allowfullscreen=\"\" aria-hidden=\"false\" tabindex=\"0\" width=\"600\" height=\"450\" frameborder=\"0\"><\/iframe>\n<\/div>\n<\/div>\n\n\n\n<p><\/p>\n","protected":false},"excerpt":{"rendered":"<p>Monta\u017c, wymiana i naprawa t\u0142umik\u00f3w Wymiana kolektor\u00f3w Wymiana&nbsp;z\u0142\u0105czy elastycznych&nbsp;uk\u0142ad\u00f3w wydechowych Wymiana strumiennic uk\u0142ad\u00f3w wydechowych Wymina, naprawa i regeneracja katalizator\u00f3w Wymiana filtr\u00f3w DPF ZABRZE tel. 501 486 068Stanis\u0142awa Webera 4, 41-800 Zabrze GLIWICE tel. 501 486 068\u015alusarska 4, 44-100 Gliwice<\/p>\n","protected":false},"author":1,"featured_media":117,"parent":0,"menu_order":0,"comment_status":"closed","ping_status":"open","template":"","meta":{"footnotes":""},"yoast_head":"<!-- This site is optimized with the Yoast SEO plugin v22.2 - https:\/\/yoast.com\/wordpress\/plugins\/seo\/ -->\n<title>Naprawa i wymiana uk\u0142ad\u00f3w wydechowych Zabrze i Gliwice | Dariusz Mr\u00f3zek<\/title>\n<meta name=\"description\" content=\"Od lat zajmujemy si\u0119 napraw\u0105 oraz wymian\u0105 uk\u0142ad\u00f3w wydechowych na terenie Zabrza i Gliwic. Zapraszamy!\" \/>\n<meta name=\"robots\" content=\"index, follow, max-snippet:-1, max-image-preview:large, max-video-preview:-1\" \/>\n<link rel=\"canonical\" href=\"https:\/\/dariuszmrozektlumiki.pl\/\" \/>\n<meta property=\"og:locale\" content=\"pl_PL\" \/>\n<meta property=\"og:type\" content=\"article\" \/>\n<meta property=\"og:title\" content=\"Naprawa i wymiana uk\u0142ad\u00f3w wydechowych Zabrze i Gliwice | Dariusz Mr\u00f3zek\" \/>\n<meta property=\"og:description\" content=\"Od lat zajmujemy si\u0119 napraw\u0105 oraz wymian\u0105 uk\u0142ad\u00f3w wydechowych na terenie Zabrza i Gliwic. Zapraszamy!\" \/>\n<meta property=\"og:url\" content=\"https:\/\/dariuszmrozektlumiki.pl\/\" \/>\n<meta property=\"og:site_name\" content=\"Dariusz Mr\u00f3zek - Uk\u0142ady wydechowe\" \/>\n<meta property=\"article:modified_time\" content=\"2021-03-16T15:57:13+00:00\" \/>\n<meta property=\"og:image\" content=\"https:\/\/dariuszmrozektlumiki.pl\/wp-content\/uploads\/2021\/03\/logoDM.png\" \/>\n\t<meta property=\"og:image:width\" content=\"219\" \/>\n\t<meta property=\"og:image:height\" content=\"219\" \/>\n\t<meta property=\"og:image:type\" content=\"image\/png\" \/>\n<meta name=\"twitter:card\" content=\"summary_large_image\" \/>\n<script type=\"application\/ld+json\" class=\"yoast-schema-graph\">{\"@context\":\"https:\/\/schema.org\",\"@graph\":[{\"@type\":\"WebPage\",\"@id\":\"https:\/\/dariuszmrozektlumiki.pl\/\",\"url\":\"https:\/\/dariuszmrozektlumiki.pl\/\",\"name\":\"Naprawa i wymiana uk\u0142ad\u00f3w wydechowych Zabrze i Gliwice | Dariusz Mr\u00f3zek\",\"isPartOf\":{\"@id\":\"https:\/\/dariuszmrozektlumiki.pl\/#website\"},\"primaryImageOfPage\":{\"@id\":\"https:\/\/dariuszmrozektlumiki.pl\/#primaryimage\"},\"image\":{\"@id\":\"https:\/\/dariuszmrozektlumiki.pl\/#primaryimage\"},\"thumbnailUrl\":\"https:\/\/dariuszmrozektlumiki.pl\/wp-content\/uploads\/2021\/03\/logoDM.png\",\"datePublished\":\"2020-10-26T18:43:17+00:00\",\"dateModified\":\"2021-03-16T15:57:13+00:00\",\"description\":\"Od lat zajmujemy si\u0119 napraw\u0105 oraz wymian\u0105 uk\u0142ad\u00f3w wydechowych na terenie Zabrza i Gliwic. Zapraszamy!\",\"breadcrumb\":{\"@id\":\"https:\/\/dariuszmrozektlumiki.pl\/#breadcrumb\"},\"inLanguage\":\"pl-PL\",\"potentialAction\":[{\"@type\":\"ReadAction\",\"target\":[\"https:\/\/dariuszmrozektlumiki.pl\/\"]}]},{\"@type\":\"ImageObject\",\"inLanguage\":\"pl-PL\",\"@id\":\"https:\/\/dariuszmrozektlumiki.pl\/#primaryimage\",\"url\":\"https:\/\/dariuszmrozektlumiki.pl\/wp-content\/uploads\/2021\/03\/logoDM.png\",\"contentUrl\":\"https:\/\/dariuszmrozektlumiki.pl\/wp-content\/uploads\/2021\/03\/logoDM.png\",\"width\":219,\"height\":219},{\"@type\":\"BreadcrumbList\",\"@id\":\"https:\/\/dariuszmrozektlumiki.pl\/#breadcrumb\",\"itemListElement\":[{\"@type\":\"ListItem\",\"position\":1,\"name\":\"Strona g\u0142\u00f3wna\",\"item\":\"https:\/\/dariuszmrozektlumiki.pl\/\"},{\"@type\":\"ListItem\",\"position\":2,\"name\":\"Naprawa i wymiana uk\u0142ad\u00f3w wydechowych\"}]},{\"@type\":\"WebSite\",\"@id\":\"https:\/\/dariuszmrozektlumiki.pl\/#website\",\"url\":\"https:\/\/dariuszmrozektlumiki.pl\/\",\"name\":\"Dariusz Mr\u00f3zek - Uk\u0142ady wydechowe\",\"description\":\"\",\"publisher\":{\"@id\":\"https:\/\/dariuszmrozektlumiki.pl\/#organization\"},\"potentialAction\":[{\"@type\":\"SearchAction\",\"target\":{\"@type\":\"EntryPoint\",\"urlTemplate\":\"https:\/\/dariuszmrozektlumiki.pl\/?s={search_term_string}\"},\"query-input\":\"required name=search_term_string\"}],\"inLanguage\":\"pl-PL\"},{\"@type\":\"Organization\",\"@id\":\"https:\/\/dariuszmrozektlumiki.pl\/#organization\",\"name\":\"Dariusz Mr\u00f3zek - Uk\u0142ady wydechowe\",\"url\":\"https:\/\/dariuszmrozektlumiki.pl\/\",\"logo\":{\"@type\":\"ImageObject\",\"inLanguage\":\"pl-PL\",\"@id\":\"https:\/\/dariuszmrozektlumiki.pl\/#\/schema\/logo\/image\/\",\"url\":\"https:\/\/dariuszmrozektlumiki.pl\/wp-content\/uploads\/2020\/10\/cropped-logo.png\",\"contentUrl\":\"https:\/\/dariuszmrozektlumiki.pl\/wp-content\/uploads\/2020\/10\/cropped-logo.png\",\"width\":219,\"height\":74,\"caption\":\"Dariusz Mr\u00f3zek - Uk\u0142ady wydechowe\"},\"image\":{\"@id\":\"https:\/\/dariuszmrozektlumiki.pl\/#\/schema\/logo\/image\/\"}}]}<\/script>\n<!-- \/ Yoast SEO plugin. -->","yoast_head_json":{"title":"Naprawa i wymiana uk\u0142ad\u00f3w wydechowych Zabrze i Gliwice | Dariusz Mr\u00f3zek","description":"Od lat zajmujemy si\u0119 napraw\u0105 oraz wymian\u0105 uk\u0142ad\u00f3w wydechowych na terenie Zabrza i Gliwic. Zapraszamy!","robots":{"index":"index","follow":"follow","max-snippet":"max-snippet:-1","max-image-preview":"max-image-preview:large","max-video-preview":"max-video-preview:-1"},"canonical":"https:\/\/dariuszmrozektlumiki.pl\/","og_locale":"pl_PL","og_type":"article","og_title":"Naprawa i wymiana uk\u0142ad\u00f3w wydechowych Zabrze i Gliwice | Dariusz Mr\u00f3zek","og_description":"Od lat zajmujemy si\u0119 napraw\u0105 oraz wymian\u0105 uk\u0142ad\u00f3w wydechowych na terenie Zabrza i Gliwic. Zapraszamy!","og_url":"https:\/\/dariuszmrozektlumiki.pl\/","og_site_name":"Dariusz Mr\u00f3zek - Uk\u0142ady wydechowe","article_modified_time":"2021-03-16T15:57:13+00:00","og_image":[{"width":219,"height":219,"url":"https:\/\/dariuszmrozektlumiki.pl\/wp-content\/uploads\/2021\/03\/logoDM.png","type":"image\/png"}],"twitter_card":"summary_large_image","schema":{"@context":"https:\/\/schema.org","@graph":[{"@type":"WebPage","@id":"https:\/\/dariuszmrozektlumiki.pl\/","url":"https:\/\/dariuszmrozektlumiki.pl\/","name":"Naprawa i wymiana uk\u0142ad\u00f3w wydechowych Zabrze i Gliwice | Dariusz Mr\u00f3zek","isPartOf":{"@id":"https:\/\/dariuszmrozektlumiki.pl\/#website"},"primaryImageOfPage":{"@id":"https:\/\/dariuszmrozektlumiki.pl\/#primaryimage"},"image":{"@id":"https:\/\/dariuszmrozektlumiki.pl\/#primaryimage"},"thumbnailUrl":"https:\/\/dariuszmrozektlumiki.pl\/wp-content\/uploads\/2021\/03\/logoDM.png","datePublished":"2020-10-26T18:43:17+00:00","dateModified":"2021-03-16T15:57:13+00:00","description":"Od lat zajmujemy si\u0119 napraw\u0105 oraz wymian\u0105 uk\u0142ad\u00f3w wydechowych na terenie Zabrza i Gliwic. Zapraszamy!","breadcrumb":{"@id":"https:\/\/dariuszmrozektlumiki.pl\/#breadcrumb"},"inLanguage":"pl-PL","potentialAction":[{"@type":"ReadAction","target":["https:\/\/dariuszmrozektlumiki.pl\/"]}]},{"@type":"ImageObject","inLanguage":"pl-PL","@id":"https:\/\/dariuszmrozektlumiki.pl\/#primaryimage","url":"https:\/\/dariuszmrozektlumiki.pl\/wp-content\/uploads\/2021\/03\/logoDM.png","contentUrl":"https:\/\/dariuszmrozektlumiki.pl\/wp-content\/uploads\/2021\/03\/logoDM.png","width":219,"height":219},{"@type":"BreadcrumbList","@id":"https:\/\/dariuszmrozektlumiki.pl\/#breadcrumb","itemListElement":[{"@type":"ListItem","position":1,"name":"Strona g\u0142\u00f3wna","item":"https:\/\/dariuszmrozektlumiki.pl\/"},{"@type":"ListItem","position":2,"name":"Naprawa i wymiana uk\u0142ad\u00f3w wydechowych"}]},{"@type":"WebSite","@id":"https:\/\/dariuszmrozektlumiki.pl\/#website","url":"https:\/\/dariuszmrozektlumiki.pl\/","name":"Dariusz Mr\u00f3zek - Uk\u0142ady wydechowe","description":"","publisher":{"@id":"https:\/\/dariuszmrozektlumiki.pl\/#organization"},"potentialAction":[{"@type":"SearchAction","target":{"@type":"EntryPoint","urlTemplate":"https:\/\/dariuszmrozektlumiki.pl\/?s={search_term_string}"},"query-input":"required name=search_term_string"}],"inLanguage":"pl-PL"},{"@type":"Organization","@id":"https:\/\/dariuszmrozektlumiki.pl\/#organization","name":"Dariusz Mr\u00f3zek - Uk\u0142ady wydechowe","url":"https:\/\/dariuszmrozektlumiki.pl\/","logo":{"@type":"ImageObject","inLanguage":"pl-PL","@id":"https:\/\/dariuszmrozektlumiki.pl\/#\/schema\/logo\/image\/","url":"https:\/\/dariuszmrozektlumiki.pl\/wp-content\/uploads\/2020\/10\/cropped-logo.png","contentUrl":"https:\/\/dariuszmrozektlumiki.pl\/wp-content\/uploads\/2020\/10\/cropped-logo.png","width":219,"height":74,"caption":"Dariusz Mr\u00f3zek - Uk\u0142ady wydechowe"},"image":{"@id":"https:\/\/dariuszmrozektlumiki.pl\/#\/schema\/logo\/image\/"}}]}},"_links":{"self":[{"href":"https:\/\/dariuszmrozektlumiki.pl\/index.php\/wp-json\/wp\/v2\/pages\/2"}],"collection":[{"href":"https:\/\/dariuszmrozektlumiki.pl\/index.php\/wp-json\/wp\/v2\/pages"}],"about":[{"href":"https:\/\/dariuszmrozektlumiki.pl\/index.php\/wp-json\/wp\/v2\/types\/page"}],"author":[{"embeddable":true,"href":"https:\/\/dariuszmrozektlumiki.pl\/index.php\/wp-json\/wp\/v2\/users\/1"}],"replies":[{"embeddable":true,"href":"https:\/\/dariuszmrozektlumiki.pl\/index.php\/wp-json\/wp\/v2\/comments?post=2"}],"version-history":[{"count":19,"href":"https:\/\/dariuszmrozektlumiki.pl\/index.php\/wp-json\/wp\/v2\/pages\/2\/revisions"}],"predecessor-version":[{"id":120,"href":"https:\/\/dariuszmrozektlumiki.pl\/index.php\/wp-json\/wp\/v2\/pages\/2\/revisions\/120"}],"wp:featuredmedia":[{"embeddable":true,"href":"https:\/\/dariuszmrozektlumiki.pl\/index.php\/wp-json\/wp\/v2\/media\/117"}],"wp:attachment":[{"href":"https:\/\/dariuszmrozektlumiki.pl\/index.php\/wp-json\/wp\/v2\/media?parent=2"}],"curies":[{"name":"wp","href":"https:\/\/api.w.org\/{rel}","templated":true}]}}